{"id":4,"date":"2024-11-07T08:00:00","date_gmt":"2024-11-07T08:00:00","guid":{"rendered":"https:\/\/lipeckiconsulting.live-website.com\/willkommen-auf-https-lipeckiconsulting-live-website-com"},"modified":"2025-03-19T09:28:58","modified_gmt":"2025-03-19T08:28:58","slug":"willkommen-auf-https-lipeckiconsulting-live-website-com","status":"publish","type":"page","link":"https:\/\/lipecki-consulting.de\/","title":{"rendered":"Willkommen bei Lipecki Consulting"},"content":{"rendered":"\n<p>Herzlich willkommen auf meiner Homepage! <\/p>\n\n\n\n<p>Hier wird es in Zukunft Infos zu mir und meiner T\u00e4tigkeit als Steuerberaterin geben.<\/p>\n\n\n\n<p>Aktuell bin ich mit meiner Arbeit so ausgelastet, dass ich keine neuen Mandate annehmen kann. Sollte sich daran etwas \u00e4ndern, k\u00f6nnt Ihr das hier lesen. <\/p>\n\n\n\n<p>Bis dahin w\u00fcnsche ich Euch eine gute Zeit!<\/p>\n\n\n\n<p>Eure Claudia<\/p>\n\n\n\n<p><\/p>\n","protected":false},"excerpt":{"rendered":"<p>Herzlich willkommen auf meiner Homepage! Hier wird es in Zukunft Infos zu mir und meiner T\u00e4tigkeit als Steuerberaterin geben. Aktuell bin ich mit meiner Arbeit so ausgelastet, dass ich keine neuen Mandate annehmen kann. Sollte sich daran etwas \u00e4ndern, k\u00f6nnt Ihr das hier lesen. Bis dahin w\u00fcnsche ich Euch eine gute Zeit! Eure Claudia<\/p>\n","protected":false},"author":1,"featured_media":0,"parent":0,"menu_order":0,"comment_status":"closed","ping_status":"open","template":"","meta":{"footnotes":""},"class_list":["post-4","page","type-page","status-publish","hentry"],"_links":{"self":[{"href":"https:\/\/lipecki-consulting.de\/index.php?rest_route=\/wp\/v2\/pages\/4","targetHints":{"allow":["GET"]}}],"collection":[{"href":"https:\/\/lipecki-consulting.de\/index.php?rest_route=\/wp\/v2\/pages"}],"about":[{"href":"https:\/\/lipecki-consulting.de\/index.php?rest_route=\/wp\/v2\/types\/page"}],"author":[{"embeddable":true,"href":"https:\/\/lipecki-consulting.de\/index.php?rest_route=\/wp\/v2\/users\/1"}],"replies":[{"embeddable":true,"href":"https:\/\/lipecki-consulting.de\/index.php?rest_route=%2Fwp%2Fv2%2Fcomments&post=4"}],"version-history":[{"count":5,"href":"https:\/\/lipecki-consulting.de\/index.php?rest_route=\/wp\/v2\/pages\/4\/revisions"}],"predecessor-version":[{"id":83,"href":"https:\/\/lipecki-consulting.de\/index.php?rest_route=\/wp\/v2\/pages\/4\/revisions\/83"}],"wp:attachment":[{"href":"https:\/\/lipecki-consulting.de\/index.php?rest_route=%2Fwp%2Fv2%2Fmedia&parent=4"}],"curies":[{"name":"wp","href":"https:\/\/api.w.org\/{rel}","templated":true}]}}